{"id":18308,"date":"2026-03-28T00:41:00","date_gmt":"2026-03-28T00:41:00","guid":{"rendered":"https:\/\/www.reitverein-roehlingen.de\/html\/wordpress\/?page_id=18308"},"modified":"2026-03-28T12:09:56","modified_gmt":"2026-03-28T12:09:56","slug":"unsere-reitanlage","status":"publish","type":"page","link":"https:\/\/www.reitverein-roehlingen.de\/html\/wordpress\/?page_id=18308","title":{"rendered":"Unsere Reitanlage"},"content":{"rendered":"\n\n\nUnsere Kinder und Jugendlichen werden von Cornelia Wengert trainiert. Die Springreiter haben dienstags Zeit f\u00fcr ihr Training. Weitere Informationen gibt es unter dem Link \u201aUnterricht am Pferd\u2018.\n\n\n\nDie aktuellen Zeiten k\u00f6nnen auch im Hallenbelegungsplan nachgelesen werden. Kurzfristige \u00c4nderungen - soweit bekannt - werden unter Aktuelles angek\u00fcndigt.\n\n\n\n\n\nUnser Reithalle von vorne..\n\n\n\n\n\n\n\nDie Reithalle von der Seite\n\n\n\n\n\nDer Platz vor der Reithalle..\n\n\n\n\n\nDie Reithalle innen...\n\n\n\n\n\nDer <a href=\"https:\/\/www.reitverein-roehlingen.de\/html\/wordpress\/?page_id=18308\" class=\"more-link\"> [...]  Weiterlesen<\/a>","protected":false},"excerpt":{"rendered":"<p>Unsere Kinder und Jugendlichen werden von Cornelia Wengert trainiert. Die Springreiter haben dienstags Zeit f\u00fcr ihr Training. Weitere Informationen gibt es unter dem Link \u201aUnterricht am Pferd\u2018. Die aktuellen Zeiten k\u00f6nnen auch im Hallenbelegungsplan nachgelesen werden. Kurzfristige \u00c4nderungen &#8211; soweit &hellip; <a href=\"https:\/\/www.reitverein-roehlingen.de\/html\/wordpress\/?page_id=18308\">Weiterlesen <span class=\"meta-nav\">&rarr;<\/span><\/a><\/p>\n","protected":false},"author":2,"featured_media":0,"parent":0,"menu_order":0,"comment_status":"closed","ping_status":"closed","template":"","meta":{"footnotes":""},"class_list":["post-18308","page","type-page","status-publish","hentry"],"_links":{"self":[{"href":"https:\/\/www.reitverein-roehlingen.de\/html\/wordpress\/index.php?rest_route=\/wp\/v2\/pages\/18308","targetHints":{"allow":["GET"]}}],"collection":[{"href":"https:\/\/www.reitverein-roehlingen.de\/html\/wordpress\/index.php?rest_route=\/wp\/v2\/pages"}],"about":[{"href":"https:\/\/www.reitverein-roehlingen.de\/html\/wordpress\/index.php?rest_route=\/wp\/v2\/types\/page"}],"author":[{"embeddable":true,"href":"https:\/\/www.reitverein-roehlingen.de\/html\/wordpress\/index.php?rest_route=\/wp\/v2\/users\/2"}],"replies":[{"embeddable":true,"href":"https:\/\/www.reitverein-roehlingen.de\/html\/wordpress\/index.php?rest_route=%2Fwp%2Fv2%2Fcomments&post=18308"}],"version-history":[{"count":8,"href":"https:\/\/www.reitverein-roehlingen.de\/html\/wordpress\/index.php?rest_route=\/wp\/v2\/pages\/18308\/revisions"}],"predecessor-version":[{"id":24814,"href":"https:\/\/www.reitverein-roehlingen.de\/html\/wordpress\/index.php?rest_route=\/wp\/v2\/pages\/18308\/revisions\/24814"}],"wp:attachment":[{"href":"https:\/\/www.reitverein-roehlingen.de\/html\/wordpress\/index.php?rest_route=%2Fwp%2Fv2%2Fmedia&parent=18308"}],"curies":[{"name":"wp","href":"https:\/\/api.w.org\/{rel}","templated":true}]}}