{"id":18343,"date":"2026-04-13T00:54:00","date_gmt":"2026-04-13T00:54:00","guid":{"rendered":"https:\/\/www.reitverein-roehlingen.de\/html\/wordpress\/?page_id=18343"},"modified":"2026-04-13T07:39:01","modified_gmt":"2026-04-13T07:39:01","slug":"verein","status":"publish","type":"page","link":"https:\/\/www.reitverein-roehlingen.de\/html\/wordpress\/","title":{"rendered":"Verein"},"content":{"rendered":"\n\n\n\n\n\n\nHerzlich willkommen auf der Homepage des Reit- und Fahrvereins R\u00f6hlingen und Umgebung 1924 e.V.\n\n\n\nWir sind ein l\u00e4ndlicher Reitverein mit derzeit etwa 300 Mitgliedern. Das Hauptaugenmerk unseres Vereins ist die F\u00f6rderung der Jugend.\n\n\n\nUnsere Kinder und Jugendlichen werden von Cornelia Wengert trainiert. Die Springreiter haben dienstags Zeit f\u00fcr ihr Training. Weitere Informationen gibt es unter dem Link \u201aUnterricht am Pferd'.\n\n\n\nDie aktuellen Zeiten k\u00f6nnen auch im Hallenbelegungsplan <a href=\"https:\/\/www.reitverein-roehlingen.de\/html\/wordpress\/\" class=\"more-link\"> [...]  Weiterlesen<\/a>","protected":false},"excerpt":{"rendered":"<p>Herzlich willkommen auf der Homepage des Reit- und Fahrvereins R\u00f6hlingen und Umgebung 1924 e.V. Wir sind ein l\u00e4ndlicher Reitverein mit derzeit etwa 300 Mitgliedern. Das Hauptaugenmerk unseres Vereins ist die F\u00f6rderung der Jugend. Unsere Kinder und Jugendlichen werden von Cornelia &hellip; <a href=\"https:\/\/www.reitverein-roehlingen.de\/html\/wordpress\/\">Weiterlesen <span class=\"meta-nav\">&rarr;<\/span><\/a><\/p>\n","protected":false},"author":1,"featured_media":0,"parent":0,"menu_order":0,"comment_status":"closed","ping_status":"closed","template":"template-page-builder-no-sidebar.php","meta":{"footnotes":""},"class_list":["post-18343","page","type-page","status-publish","hentry"],"_links":{"self":[{"href":"https:\/\/www.reitverein-roehlingen.de\/html\/wordpress\/index.php?rest_route=\/wp\/v2\/pages\/18343","targetHints":{"allow":["GET"]}}],"collection":[{"href":"https:\/\/www.reitverein-roehlingen.de\/html\/wordpress\/index.php?rest_route=\/wp\/v2\/pages"}],"about":[{"href":"https:\/\/www.reitverein-roehlingen.de\/html\/wordpress\/index.php?rest_route=\/wp\/v2\/types\/page"}],"author":[{"embeddable":true,"href":"https:\/\/www.reitverein-roehlingen.de\/html\/wordpress\/index.php?rest_route=\/wp\/v2\/users\/1"}],"replies":[{"embeddable":true,"href":"https:\/\/www.reitverein-roehlingen.de\/html\/wordpress\/index.php?rest_route=%2Fwp%2Fv2%2Fcomments&post=18343"}],"version-history":[{"count":98,"href":"https:\/\/www.reitverein-roehlingen.de\/html\/wordpress\/index.php?rest_route=\/wp\/v2\/pages\/18343\/revisions"}],"predecessor-version":[{"id":24906,"href":"https:\/\/www.reitverein-roehlingen.de\/html\/wordpress\/index.php?rest_route=\/wp\/v2\/pages\/18343\/revisions\/24906"}],"wp:attachment":[{"href":"https:\/\/www.reitverein-roehlingen.de\/html\/wordpress\/index.php?rest_route=%2Fwp%2Fv2%2Fmedia&parent=18343"}],"curies":[{"name":"wp","href":"https:\/\/api.w.org\/{rel}","templated":true}]}}