{"id":18364,"date":"2026-03-28T05:03:00","date_gmt":"2026-03-28T05:03:00","guid":{"rendered":"https:\/\/www.reitverein-roehlingen.de\/html\/wordpress\/?page_id=18364"},"modified":"2026-03-28T18:22:00","modified_gmt":"2026-03-28T18:22:00","slug":"kontakt-2","status":"publish","type":"page","link":"https:\/\/www.reitverein-roehlingen.de\/html\/wordpress\/?page_id=18364","title":{"rendered":"Vereinsrat"},"content":{"rendered":"\n\u00dcberblick \u00fcber die ehrenamtlich t\u00e4tigen Ansprechpartner im Reitverein (Vorstandschaft ist grau unterlegt):\n\n\n\n\n\n\n\n\n\n\n\n\n\n\n\n\n\n1. Vorsitzender: Manuel B\u00fchlerT\u00e4tigkeiten:Vertretung in der \u00d6ffentlichkeit, Planung, Koordinierung und \u00dcberwachung der Arbeit des Vorstandes und des Vereinsrates; Durchf\u00fchrung von Ehrungen und Auszeichnungen.\n\n\n\n\n\n\n\n\n\n\n\n\n\n\n\n\n\n\n\n2. Vorsitzender: Georg G\u00f6seleT\u00e4tigkeiten:Organisation von Arbeitseins\u00e4tzen zur Erhaltung und Pflege der Reitanlage Beschaffung von Ausr\u00fcstung, <a href=\"https:\/\/www.reitverein-roehlingen.de\/html\/wordpress\/?page_id=18364\" class=\"more-link\"> [...]  Weiterlesen<\/a>","protected":false},"excerpt":{"rendered":"<p>\u00dcberblick \u00fcber die ehrenamtlich t\u00e4tigen Ansprechpartner im Reitverein (Vorstandschaft ist grau unterlegt): 1. Vorsitzender: Manuel B\u00fchlerT\u00e4tigkeiten:Vertretung in der \u00d6ffentlichkeit, Planung, Koordinierung und \u00dcberwachung der Arbeit des Vorstandes und des Vereinsrates; Durchf\u00fchrung von Ehrungen und Auszeichnungen. 2. Vorsitzender: Georg G\u00f6seleT\u00e4tigkeiten:Organisation von &hellip; <a href=\"https:\/\/www.reitverein-roehlingen.de\/html\/wordpress\/?page_id=18364\">Weiterlesen <span class=\"meta-nav\">&rarr;<\/span><\/a><\/p>\n","protected":false},"author":1,"featured_media":0,"parent":0,"menu_order":0,"comment_status":"closed","ping_status":"closed","template":"template-page-builder-no-sidebar.php","meta":{"footnotes":""},"class_list":["post-18364","page","type-page","status-publish","hentry"],"_links":{"self":[{"href":"https:\/\/www.reitverein-roehlingen.de\/html\/wordpress\/index.php?rest_route=\/wp\/v2\/pages\/18364","targetHints":{"allow":["GET"]}}],"collection":[{"href":"https:\/\/www.reitverein-roehlingen.de\/html\/wordpress\/index.php?rest_route=\/wp\/v2\/pages"}],"about":[{"href":"https:\/\/www.reitverein-roehlingen.de\/html\/wordpress\/index.php?rest_route=\/wp\/v2\/types\/page"}],"author":[{"embeddable":true,"href":"https:\/\/www.reitverein-roehlingen.de\/html\/wordpress\/index.php?rest_route=\/wp\/v2\/users\/1"}],"replies":[{"embeddable":true,"href":"https:\/\/www.reitverein-roehlingen.de\/html\/wordpress\/index.php?rest_route=%2Fwp%2Fv2%2Fcomments&post=18364"}],"version-history":[{"count":37,"href":"https:\/\/www.reitverein-roehlingen.de\/html\/wordpress\/index.php?rest_route=\/wp\/v2\/pages\/18364\/revisions"}],"predecessor-version":[{"id":24835,"href":"https:\/\/www.reitverein-roehlingen.de\/html\/wordpress\/index.php?rest_route=\/wp\/v2\/pages\/18364\/revisions\/24835"}],"wp:attachment":[{"href":"https:\/\/www.reitverein-roehlingen.de\/html\/wordpress\/index.php?rest_route=%2Fwp%2Fv2%2Fmedia&parent=18364"}],"curies":[{"name":"wp","href":"https:\/\/api.w.org\/{rel}","templated":true}]}}