{"id":18537,"date":"2026-03-28T00:10:00","date_gmt":"2026-03-28T00:10:00","guid":{"rendered":"https:\/\/www.reitverein-roehlingen.de\/html\/wordpress\/?page_id=18537"},"modified":"2026-03-28T18:12:40","modified_gmt":"2026-03-28T18:12:40","slug":"reiterstueble","status":"publish","type":"page","link":"https:\/\/www.reitverein-roehlingen.de\/html\/wordpress\/?page_id=18537","title":{"rendered":"Reiterst\u00fcble"},"content":{"rendered":"\n\n\nUnser Reiterst\u00fcble&nbsp;ist der perfekte Ort f\u00fcr gesellige Runden im privaten Rahmen und Familienfeiern aber auch f\u00fcr Vortr\u00e4ge und Seminare f\u00fcr gr\u00f6\u00dfere Gruppen.&nbsp;\n\n\n\nEine Fensterseite gibt den Blick in die Reithalle frei, die andere auf das \u201eGr\u00fcn\u201c au\u00dferhalb der Reithalle. An beiden Fensterseiten befinden sich Heizk\u00f6rper, die auch in der kalten Jahreszeit das Reiterst\u00fcble gem\u00fctlich warm halten.\n\n\n\nDas Reiterst\u00fcble verf\u00fcgt \u00fcber&nbsp;60 Sitzpl\u00e4tze&nbsp;mit Holzst\u00fchlen und <a href=\"https:\/\/www.reitverein-roehlingen.de\/html\/wordpress\/?page_id=18537\" class=\"more-link\"> [...]  Weiterlesen<\/a>","protected":false},"excerpt":{"rendered":"<p>Unser Reiterst\u00fcble&nbsp;ist der perfekte Ort f\u00fcr gesellige Runden im privaten Rahmen und Familienfeiern aber auch f\u00fcr Vortr\u00e4ge und Seminare f\u00fcr gr\u00f6\u00dfere Gruppen.&nbsp; Eine Fensterseite gibt den Blick in die Reithalle frei, die andere auf das \u201eGr\u00fcn\u201c au\u00dferhalb der Reithalle. An &hellip; <a href=\"https:\/\/www.reitverein-roehlingen.de\/html\/wordpress\/?page_id=18537\">Weiterlesen <span class=\"meta-nav\">&rarr;<\/span><\/a><\/p>\n","protected":false},"author":2,"featured_media":0,"parent":0,"menu_order":0,"comment_status":"closed","ping_status":"closed","template":"","meta":{"footnotes":""},"class_list":["post-18537","page","type-page","status-publish","hentry"],"_links":{"self":[{"href":"https:\/\/www.reitverein-roehlingen.de\/html\/wordpress\/index.php?rest_route=\/wp\/v2\/pages\/18537","targetHints":{"allow":["GET"]}}],"collection":[{"href":"https:\/\/www.reitverein-roehlingen.de\/html\/wordpress\/index.php?rest_route=\/wp\/v2\/pages"}],"about":[{"href":"https:\/\/www.reitverein-roehlingen.de\/html\/wordpress\/index.php?rest_route=\/wp\/v2\/types\/page"}],"author":[{"embeddable":true,"href":"https:\/\/www.reitverein-roehlingen.de\/html\/wordpress\/index.php?rest_route=\/wp\/v2\/users\/2"}],"replies":[{"embeddable":true,"href":"https:\/\/www.reitverein-roehlingen.de\/html\/wordpress\/index.php?rest_route=%2Fwp%2Fv2%2Fcomments&post=18537"}],"version-history":[{"count":5,"href":"https:\/\/www.reitverein-roehlingen.de\/html\/wordpress\/index.php?rest_route=\/wp\/v2\/pages\/18537\/revisions"}],"predecessor-version":[{"id":24830,"href":"https:\/\/www.reitverein-roehlingen.de\/html\/wordpress\/index.php?rest_route=\/wp\/v2\/pages\/18537\/revisions\/24830"}],"wp:attachment":[{"href":"https:\/\/www.reitverein-roehlingen.de\/html\/wordpress\/index.php?rest_route=%2Fwp%2Fv2%2Fmedia&parent=18537"}],"curies":[{"name":"wp","href":"https:\/\/api.w.org\/{rel}","templated":true}]}}