{"id":18565,"date":"2023-01-21T10:50:12","date_gmt":"2023-01-21T10:50:12","guid":{"rendered":"https:\/\/www.reitverein-roehlingen.de\/html\/wordpress\/?page_id=18565"},"modified":"2023-01-21T10:53:39","modified_gmt":"2023-01-21T10:53:39","slug":"anreise-zur-reithalle","status":"publish","type":"page","link":"https:\/\/www.reitverein-roehlingen.de\/html\/wordpress\/?page_id=18565","title":{"rendered":"Anreise zur Reithalle"},"content":{"rendered":"\nDie Anschrift unserer Reithalle lautet:Reithalle RFV R\u00f6hlingenKillinger Str. 2573479 Ellwangen-R\u00f6hlingen&nbsp;Hier k\u00f6nnt Ihr die Anreise mit Google Maps planen (ext. Link).\n\n\n <a href=\"https:\/\/www.reitverein-roehlingen.de\/html\/wordpress\/?page_id=18565\" class=\"more-link\"> [...]  Weiterlesen<\/a>","protected":false},"excerpt":{"rendered":"<p>Die Anschrift unserer Reithalle lautet:Reithalle RFV R\u00f6hlingenKillinger Str. 2573479 Ellwangen-R\u00f6hlingen&nbsp;Hier k\u00f6nnt Ihr die Anreise mit Google Maps planen (ext. Link). [&#8230;] Weiterlesen<\/p>\n","protected":false},"author":1,"featured_media":0,"parent":0,"menu_order":0,"comment_status":"closed","ping_status":"closed","template":"","meta":{"footnotes":""},"class_list":["post-18565","page","type-page","status-publish","hentry"],"_links":{"self":[{"href":"https:\/\/www.reitverein-roehlingen.de\/html\/wordpress\/index.php?rest_route=\/wp\/v2\/pages\/18565","targetHints":{"allow":["GET"]}}],"collection":[{"href":"https:\/\/www.reitverein-roehlingen.de\/html\/wordpress\/index.php?rest_route=\/wp\/v2\/pages"}],"about":[{"href":"https:\/\/www.reitverein-roehlingen.de\/html\/wordpress\/index.php?rest_route=\/wp\/v2\/types\/page"}],"author":[{"embeddable":true,"href":"https:\/\/www.reitverein-roehlingen.de\/html\/wordpress\/index.php?rest_route=\/wp\/v2\/users\/1"}],"replies":[{"embeddable":true,"href":"https:\/\/www.reitverein-roehlingen.de\/html\/wordpress\/index.php?rest_route=%2Fwp%2Fv2%2Fcomments&post=18565"}],"version-history":[{"count":2,"href":"https:\/\/www.reitverein-roehlingen.de\/html\/wordpress\/index.php?rest_route=\/wp\/v2\/pages\/18565\/revisions"}],"predecessor-version":[{"id":18567,"href":"https:\/\/www.reitverein-roehlingen.de\/html\/wordpress\/index.php?rest_route=\/wp\/v2\/pages\/18565\/revisions\/18567"}],"wp:attachment":[{"href":"https:\/\/www.reitverein-roehlingen.de\/html\/wordpress\/index.php?rest_route=%2Fwp%2Fv2%2Fmedia&parent=18565"}],"curies":[{"name":"wp","href":"https:\/\/api.w.org\/{rel}","templated":true}]}}