{"id":18588,"date":"2026-03-28T00:02:00","date_gmt":"2026-03-28T00:02:00","guid":{"rendered":"https:\/\/www.reitverein-roehlingen.de\/html\/wordpress\/?page_id=18588"},"modified":"2026-03-28T18:15:49","modified_gmt":"2026-03-28T18:15:49","slug":"unterricht-am-pferd","status":"publish","type":"page","link":"https:\/\/www.reitverein-roehlingen.de\/html\/wordpress\/?page_id=18588","title":{"rendered":"Unterricht am Pferd"},"content":{"rendered":"\n\n\nUnterricht am PferdUrspr\u00fcnglich als Training f\u00fcr das Freispringchampionat ins Leben gerufen, hat sich das\u00a0Freispringen\u00a0als Winterarbeit etabliert. Unter Leitung von verschiedenen Mitgliedern d\u00fcrfen hier alle Pferde, junge, alte, Dressurpferde oder auch Springpferde, freispringen. Diese Termine werden kurzfristig angeboten.Cornelia Wengert\u00a0k\u00fcmmert sich um die Ausbildung unseres Reiternachwuchses. In einer F\u00fchrz\u00fcgelstunde lernen die Kinder unter ihrer Anleitung die ersten Grundbegriffe. <a href=\"https:\/\/www.reitverein-roehlingen.de\/html\/wordpress\/?page_id=18588\" class=\"more-link\"> [...]  Weiterlesen<\/a>","protected":false},"excerpt":{"rendered":"<p>Unterricht am PferdUrspr\u00fcnglich als Training f\u00fcr das Freispringchampionat ins Leben gerufen, hat sich das\u00a0Freispringen\u00a0als Winterarbeit etabliert. Unter Leitung von verschiedenen Mitgliedern d\u00fcrfen hier alle Pferde, junge, alte, Dressurpferde oder auch Springpferde, freispringen. Diese Termine werden kurzfristig angeboten.Cornelia Wengert\u00a0k\u00fcmmert sich um &hellip; <a href=\"https:\/\/www.reitverein-roehlingen.de\/html\/wordpress\/?page_id=18588\">Weiterlesen <span class=\"meta-nav\">&rarr;<\/span><\/a><\/p>\n","protected":false},"author":1,"featured_media":0,"parent":0,"menu_order":0,"comment_status":"closed","ping_status":"closed","template":"","meta":{"footnotes":""},"class_list":["post-18588","page","type-page","status-publish","hentry"],"_links":{"self":[{"href":"https:\/\/www.reitverein-roehlingen.de\/html\/wordpress\/index.php?rest_route=\/wp\/v2\/pages\/18588","targetHints":{"allow":["GET"]}}],"collection":[{"href":"https:\/\/www.reitverein-roehlingen.de\/html\/wordpress\/index.php?rest_route=\/wp\/v2\/pages"}],"about":[{"href":"https:\/\/www.reitverein-roehlingen.de\/html\/wordpress\/index.php?rest_route=\/wp\/v2\/types\/page"}],"author":[{"embeddable":true,"href":"https:\/\/www.reitverein-roehlingen.de\/html\/wordpress\/index.php?rest_route=\/wp\/v2\/users\/1"}],"replies":[{"embeddable":true,"href":"https:\/\/www.reitverein-roehlingen.de\/html\/wordpress\/index.php?rest_route=%2Fwp%2Fv2%2Fcomments&post=18588"}],"version-history":[{"count":5,"href":"https:\/\/www.reitverein-roehlingen.de\/html\/wordpress\/index.php?rest_route=\/wp\/v2\/pages\/18588\/revisions"}],"predecessor-version":[{"id":24832,"href":"https:\/\/www.reitverein-roehlingen.de\/html\/wordpress\/index.php?rest_route=\/wp\/v2\/pages\/18588\/revisions\/24832"}],"wp:attachment":[{"href":"https:\/\/www.reitverein-roehlingen.de\/html\/wordpress\/index.php?rest_route=%2Fwp%2Fv2%2Fmedia&parent=18588"}],"curies":[{"name":"wp","href":"https:\/\/api.w.org\/{rel}","templated":true}]}}