{"id":2910,"date":"2026-03-28T00:04:00","date_gmt":"2026-03-28T00:04:00","guid":{"rendered":"http:\/\/www.reitverein-roehlingen.de\/html\/wordpress\/?page_id=2910"},"modified":"2026-03-28T18:11:25","modified_gmt":"2026-03-28T18:11:25","slug":"berichte","status":"publish","type":"page","link":"https:\/\/www.reitverein-roehlingen.de\/html\/wordpress\/?page_id=2910","title":{"rendered":"Links"},"content":{"rendered":"\n\n\n\n\n\n\n\n\n\n\nEllwangen - Unsere Stadt\n\n\n\n\n\n\n\n\n\n\n\n\n\n\n\nOstalbkreis - Unser Landkreis.\n\n\n\n\n\n\n\n\n\n\n\n\n\n\n\nREITERGRUPPE Z\u00d6BINGEN:Unser Patenverein in Z\u00f6bingen.\n\n\n\n\n\n\n\n\n\n\n\n\n\n\n\nPferdeSportKreis Ostalb:Dachorganisation der Pferdesportvereine im Ostalbkreis.\n\n\n\n\n\n\n\n\n\n\n\n\n\n\n\nW\u00fcrttembergischer PferdeSport Verband e.V.Dachorganisation der Pferdesportkreise und damit auch des PSK Ostalb.\n\n\n\n\n\n\n\n\n\n\n\n\n\n\n\n\n\nReiterjournal:\n\n\n\nDas Fachmagazin f\u00fcr Pferdezucht und Reitsport in Baden-W\u00fcrttemberg.\n\n\n\n\n\n\n\n\n\n\n\n\n\n\n\nVersicherungsb\u00fcro <a href=\"https:\/\/www.reitverein-roehlingen.de\/html\/wordpress\/?page_id=2910\" class=\"more-link\"> [...]  Weiterlesen<\/a>","protected":false},"excerpt":{"rendered":"<p>Ellwangen &#8211; Unsere Stadt Ostalbkreis &#8211; Unser Landkreis. REITERGRUPPE Z\u00d6BINGEN:Unser Patenverein in Z\u00f6bingen. PferdeSportKreis Ostalb:Dachorganisation der Pferdesportvereine im Ostalbkreis. W\u00fcrttembergischer PferdeSport Verband e.V.Dachorganisation der Pferdesportkreise und damit auch des PSK Ostalb. Reiterjournal: Das Fachmagazin f\u00fcr Pferdezucht und Reitsport in Baden-W\u00fcrttemberg. &hellip; <a href=\"https:\/\/www.reitverein-roehlingen.de\/html\/wordpress\/?page_id=2910\">Weiterlesen <span class=\"meta-nav\">&rarr;<\/span><\/a><\/p>\n","protected":false},"author":1,"featured_media":0,"parent":0,"menu_order":0,"comment_status":"closed","ping_status":"closed","template":"template-page-builder-no-sidebar.php","meta":{"footnotes":""},"class_list":["post-2910","page","type-page","status-publish","hentry"],"_links":{"self":[{"href":"https:\/\/www.reitverein-roehlingen.de\/html\/wordpress\/index.php?rest_route=\/wp\/v2\/pages\/2910","targetHints":{"allow":["GET"]}}],"collection":[{"href":"https:\/\/www.reitverein-roehlingen.de\/html\/wordpress\/index.php?rest_route=\/wp\/v2\/pages"}],"about":[{"href":"https:\/\/www.reitverein-roehlingen.de\/html\/wordpress\/index.php?rest_route=\/wp\/v2\/types\/page"}],"author":[{"embeddable":true,"href":"https:\/\/www.reitverein-roehlingen.de\/html\/wordpress\/index.php?rest_route=\/wp\/v2\/users\/1"}],"replies":[{"embeddable":true,"href":"https:\/\/www.reitverein-roehlingen.de\/html\/wordpress\/index.php?rest_route=%2Fwp%2Fv2%2Fcomments&post=2910"}],"version-history":[{"count":13,"href":"https:\/\/www.reitverein-roehlingen.de\/html\/wordpress\/index.php?rest_route=\/wp\/v2\/pages\/2910\/revisions"}],"predecessor-version":[{"id":24828,"href":"https:\/\/www.reitverein-roehlingen.de\/html\/wordpress\/index.php?rest_route=\/wp\/v2\/pages\/2910\/revisions\/24828"}],"wp:attachment":[{"href":"https:\/\/www.reitverein-roehlingen.de\/html\/wordpress\/index.php?rest_route=%2Fwp%2Fv2%2Fmedia&parent=2910"}],"curies":[{"name":"wp","href":"https:\/\/api.w.org\/{rel}","templated":true}]}}