{"id":64,"date":"2026-04-13T03:01:00","date_gmt":"2026-04-13T03:01:00","guid":{"rendered":"http:\/\/www.reitverein-roehlingen.de\/html\/wordpress\/?page_id=64"},"modified":"2026-04-13T07:30:29","modified_gmt":"2026-04-13T07:30:29","slug":"aktuelles-2","status":"publish","type":"page","link":"https:\/\/www.reitverein-roehlingen.de\/html\/wordpress\/?page_id=64","title":{"rendered":"Aktuelles"},"content":{"rendered":"Du hast was Neues f\u00fcr das Schwarze Brett: Email (Link klicken)\nZur schnelleren Orientierung gibt es jetzt Farben:Hallenbelegungsplan-\u00c4nderungen,\u00a0 Turnier\/ Veranstaltung auch\u00a0vereinsintern\u00a0sowie verschiedenes\nHallo liebe Blutreiterinnen und Blutreiter,\nam Ostermontag fand wieder die Gruppenf\u00fchrerversammlung in Weingarten statt. F\u00fcr uns gibt es f\u00fcr den Aufenthalt und den Ablauf keine Ver\u00e4nderungen. Der Blutritt findet am Freitag 15. Mai 2026 statt. Anreise 14. Mai 2026. Unsere \u00dcbernachtungspl\u00e4tze <a href=\"https:\/\/www.reitverein-roehlingen.de\/html\/wordpress\/?page_id=64\" class=\"more-link\"> [...]  Weiterlesen<\/a>","protected":false},"excerpt":{"rendered":"<p>Du hast was Neues f\u00fcr das Schwarze Brett: Email (Link klicken) Zur schnelleren Orientierung gibt es jetzt Farben:Hallenbelegungsplan-\u00c4nderungen,\u00a0 Turnier\/ Veranstaltung auch\u00a0vereinsintern\u00a0sowie verschiedenes Hallo liebe Blutreiterinnen und Blutreiter, am Ostermontag fand wieder die Gruppenf\u00fchrerversammlung in Weingarten statt. F\u00fcr uns gibt es &hellip; <a href=\"https:\/\/www.reitverein-roehlingen.de\/html\/wordpress\/?page_id=64\">Weiterlesen <span class=\"meta-nav\">&rarr;<\/span><\/a><\/p>\n","protected":false},"author":2,"featured_media":0,"parent":0,"menu_order":0,"comment_status":"closed","ping_status":"closed","template":"","meta":{"footnotes":""},"class_list":["post-64","page","type-page","status-publish","hentry"],"_links":{"self":[{"href":"https:\/\/www.reitverein-roehlingen.de\/html\/wordpress\/index.php?rest_route=\/wp\/v2\/pages\/64","targetHints":{"allow":["GET"]}}],"collection":[{"href":"https:\/\/www.reitverein-roehlingen.de\/html\/wordpress\/index.php?rest_route=\/wp\/v2\/pages"}],"about":[{"href":"https:\/\/www.reitverein-roehlingen.de\/html\/wordpress\/index.php?rest_route=\/wp\/v2\/types\/page"}],"author":[{"embeddable":true,"href":"https:\/\/www.reitverein-roehlingen.de\/html\/wordpress\/index.php?rest_route=\/wp\/v2\/users\/2"}],"replies":[{"embeddable":true,"href":"https:\/\/www.reitverein-roehlingen.de\/html\/wordpress\/index.php?rest_route=%2Fwp%2Fv2%2Fcomments&post=64"}],"version-history":[{"count":2316,"href":"https:\/\/www.reitverein-roehlingen.de\/html\/wordpress\/index.php?rest_route=\/wp\/v2\/pages\/64\/revisions"}],"predecessor-version":[{"id":24902,"href":"https:\/\/www.reitverein-roehlingen.de\/html\/wordpress\/index.php?rest_route=\/wp\/v2\/pages\/64\/revisions\/24902"}],"wp:attachment":[{"href":"https:\/\/www.reitverein-roehlingen.de\/html\/wordpress\/index.php?rest_route=%2Fwp%2Fv2%2Fmedia&parent=64"}],"curies":[{"name":"wp","href":"https:\/\/api.w.org\/{rel}","templated":true}]}}